{"id":25,"date":"2020-08-25T14:11:42","date_gmt":"2020-08-25T14:11:42","guid":{"rendered":"https:\/\/avadawebsites.wpengine.com\/virtual-assistant\/?page_id=25"},"modified":"2025-09-03T12:06:36","modified_gmt":"2025-09-03T12:06:36","slug":"contact-us","status":"publish","type":"page","link":"https:\/\/nativetranslate.ca\/fr\/contact-us\/","title":{"rendered":"Contactez-nous"},"content":{"rendered":"<p><div class=\"fusion-fullwidth fullwidth-box fusion-builder-row-1 fusion-flex-container has-pattern-background has-mask-background nonhundred-percent-fullwidth non-hundred-percent-height-scrolling\" style=\"--awb-border-radius-top-left:0px;--awb-border-radius-top-right:0px;--awb-border-radius-bottom-right:0px;--awb-border-radius-bottom-left:0px;--awb-flex-wrap:wrap;\" ><div class=\"fusion-builder-row fusion-row fusion-flex-align-items-flex-start fusion-flex-content-wrap\" style=\"max-width:1435.2px;margin-left: calc(-4% \/ 2 );margin-right: calc(-4% \/ 2 );\"><div class=\"fusion-layout-column fusion_builder_column fusion-builder-column-0 fusion_builder_column_1_1 1_1 fusion-flex-column\" style=\"--awb-bg-size:cover;--awb-width-large:100%;--awb-margin-top-large:0px;--awb-spacing-right-large:1.92%;--awb-margin-bottom-large:20px;--awb-spacing-left-large:1.92%;--awb-width-medium:100%;--awb-order-medium:0;--awb-spacing-right-medium:1.92%;--awb-spacing-left-medium:1.92%;--awb-width-small:100%;--awb-order-small:0;--awb-spacing-right-small:1.92%;--awb-spacing-left-small:1.92%;\"><div class=\"fusion-column-wrapper fusion-column-has-shadow fusion-flex-justify-content-flex-start fusion-content-layout-column\"><div class=\"fusion-title title fusion-title-1 fusion-sep-none fusion-title-text fusion-title-size-one\"><h1 class=\"fusion-title-heading title-heading-left fusion-responsive-typography-calculated\" style=\"margin:0;--fontSize:57;line-height:var(--awb-typography1-line-height);\"><a href=\"mailto:christian.nativetranslate@gmail.com\">Commen\u00e7ons votre projet ensemble<\/a><\/h1><\/div><\/div><\/div><\/div><\/div><div class=\"fusion-fullwidth fullwidth-box fusion-builder-row-2 fusion-flex-container has-pattern-background has-mask-background nonhundred-percent-fullwidth non-hundred-percent-height-scrolling\" style=\"--awb-border-radius-top-left:0px;--awb-border-radius-top-right:0px;--awb-border-radius-bottom-right:0px;--awb-border-radius-bottom-left:0px;--awb-flex-wrap:wrap;\" ><div class=\"fusion-builder-row fusion-row fusion-flex-align-items-flex-start fusion-flex-content-wrap\" style=\"max-width:1435.2px;margin-left: calc(-4% \/ 2 );margin-right: calc(-4% \/ 2 );\"><div class=\"fusion-layout-column fusion_builder_column fusion-builder-column-1 fusion_builder_column_1_1 1_1 fusion-flex-column\" style=\"--awb-bg-size:cover;--awb-width-large:100%;--awb-margin-top-large:0px;--awb-spacing-right-large:1.92%;--awb-margin-bottom-large:20px;--awb-spacing-left-large:1.92%;--awb-width-medium:100%;--awb-order-medium:0;--awb-spacing-right-medium:1.92%;--awb-spacing-left-medium:1.92%;--awb-width-small:100%;--awb-order-small:0;--awb-spacing-right-small:1.92%;--awb-spacing-left-small:1.92%;\"><div class=\"fusion-column-wrapper fusion-column-has-shadow fusion-flex-justify-content-flex-start fusion-content-layout-column\"><div class=\"fusion-text fusion-text-1\"><p>Que vous ayez besoin d\u2019une traduction experte, d\u2019une relecture pr\u00e9cise ou d\u2019une localisation adapt\u00e9e culturellement, je suis l\u00e0 pour vous aider en anglais comme en fran\u00e7ais canadien. Envoyez un message, demandez un devis ou dites simplement bonjour. Vous recevrez une r\u00e9ponse humaine et rapide, g\u00e9n\u00e9ralement en quelques heures.<\/p>\n<\/div><div style=\"text-align:center;\"><a class=\"fusion-button button-3d fusion-button-default-size button-custom fusion-button-default button-1 fusion-button-default-span fusion-has-button-gradient\" style=\"--button_bevel_color:#6d9633;--button_bevel_color_hover:rgba(80,110,38,1);--button_accent_color:#ffffff;--button_border_color:#ffffff;--button_accent_hover_color:#ffffff;--button_border_hover_color:#ffffff;--button-border-radius-top-left:100px;--button-border-radius-top-right:100px;--button-border-radius-bottom-right:100px;--button-border-radius-bottom-left:100px;--button_gradient_angle:96deg;--button_gradient_top_color:rgba(156,183,56,1);--button_gradient_bottom_color:#6d9633;--button_gradient:radial-gradient(circle at center center,rgba(156,183,56,1) 0%,#6d9633 100%);--button_gradient_top_color_hover:#6d9633;--button_gradient_bottom_color_hover:rgba(80,110,38,1);--button_gradient_hover:radial-gradient(circle at center center,#6d9633 0%,rgba(80,110,38,1) 100%);--button_text_transform:capitalize;--button_font_size:40px;--button_line_height:1.0;--button_padding-top:34px;--button_padding-right:70px;--button_padding-bottom:34px;--button_padding-left:70px;--button_typography-letter-spacing:-0.015em;--button_typography-font-family:&quot;Anta&quot;;--button_typography-font-style:normal;--button_typography-font-weight:400;\" target=\"_self\" data-hover=\"icon_slide\" href=\"mailto:christian.nativetranslate@gmail.com?subject=Translation%2FEditing%20Inquiry&amp;body=Hello%20Christian%2C%20%20%0AI%20would%20like%20to%20request%20your%20translation%2Fediting%20services.%20%20%0ALanguage%20pair%3A%20%5B________%5D%20%20%0A%0ABest%20regards%2C%20%20%0A%5BYour%20Name%5D.\"><div class=\"awb-button__hover-content\"><i class=\"icon-ui-user awb-button__icon awb-button__icon--default button-icon-left\" aria-hidden=\"true\"><\/i><i class=\"icon-ui-call awb-button__icon awb-button__icon--hover button-icon-left\" aria-hidden=\"true\"><\/i><\/div><div class=\"awb-button__hover-content awb-button__hover-content--default\"><span class=\"fusion-button-text awb-button__text awb-button__text--hover\">Request a Free Quote<\/span><span class=\"fusion-button-text awb-button__text awb-button__text--default\">connect with us<\/span><\/div><\/a><\/div><\/div><\/div><\/div><\/div><\/p>","protected":false},"excerpt":{"rendered":"","protected":false},"author":1,"featured_media":0,"parent":0,"menu_order":0,"comment_status":"closed","ping_status":"closed","template":"","meta":{"_monsterinsights_skip_tracking":false,"_monsterinsights_sitenote_active":false,"_monsterinsights_sitenote_note":"","_monsterinsights_sitenote_category":0,"footnotes":""},"class_list":["post-25","page","type-page","status-publish","hentry"],"aioseo_notices":[],"yoast_head":"<!-- This site is optimized with the Yoast SEO plugin v27.4 - https:\/\/yoast.com\/product\/yoast-seo-wordpress\/ -->\n<title>Contact Us | Get a Free Quote Today &#8211; Canadian Native Translate<\/title>\n<meta name=\"description\" content=\"Reach out to NativeTranslate for expert French-English translation, localization, and proofreading. We&#039;ll respond within 12 hours. Let&#039;s talk!\" \/>\n<meta name=\"robots\" content=\"index, follow, max-snippet:-1, max-image-preview:large, max-video-preview:-1\" \/>\n<link rel=\"canonical\" href=\"https:\/\/nativetranslate.ca\/fr\/contact-us\/\" \/>\n<meta property=\"og:locale\" content=\"fr_CA\" \/>\n<meta property=\"og:type\" content=\"article\" \/>\n<meta property=\"og:title\" content=\"Contact Us | Get a Free Quote Today &#8211; Canadian Native Translate\" \/>\n<meta property=\"og:description\" content=\"Reach out to NativeTranslate for expert French-English translation, localization, and proofreading. We&#039;ll respond within 12 hours. Let&#039;s talk!\" \/>\n<meta property=\"og:url\" content=\"https:\/\/nativetranslate.ca\/fr\/contact-us\/\" \/>\n<meta property=\"og:site_name\" content=\"Canadian Native Translate\" \/>\n<meta property=\"article:publisher\" content=\"https:\/\/www.facebook.com\/profile.php?id=61577348026969\" \/>\n<meta property=\"article:modified_time\" content=\"2025-09-03T12:06:36+00:00\" \/>\n<meta property=\"og:image\" content=\"https:\/\/nativetranslate.ca\/wp-content\/uploads\/2025\/06\/Canada-localization-services-1.jpg\" \/>\n\t<meta property=\"og:image:width\" content=\"1080\" \/>\n\t<meta property=\"og:image:height\" content=\"715\" \/>\n\t<meta property=\"og:image:type\" content=\"image\/jpeg\" \/>\n<meta name=\"twitter:card\" content=\"summary_large_image\" \/>\n<meta name=\"twitter:label1\" content=\"Estimation du temps de lecture\" \/>\n\t<meta name=\"twitter:data1\" content=\"1 minute\" \/>\n<script type=\"application\/ld+json\" class=\"yoast-schema-graph\">{\"@context\":\"https:\\\/\\\/schema.org\",\"@graph\":[{\"@type\":\"WebPage\",\"@id\":\"https:\\\/\\\/nativetranslate.ca\\\/contact-us\\\/\",\"url\":\"https:\\\/\\\/nativetranslate.ca\\\/contact-us\\\/\",\"name\":\"Contact Us | Get a Free Quote Today &#8211; Canadian Native Translate\",\"isPartOf\":{\"@id\":\"https:\\\/\\\/nativetranslate.ca\\\/#website\"},\"datePublished\":\"2020-08-25T14:11:42+00:00\",\"dateModified\":\"2025-09-03T12:06:36+00:00\",\"description\":\"Reach out to NativeTranslate for expert French-English translation, localization, and proofreading. We'll respond within 12 hours. Let's talk!\",\"breadcrumb\":{\"@id\":\"https:\\\/\\\/nativetranslate.ca\\\/contact-us\\\/#breadcrumb\"},\"inLanguage\":\"fr-CA\",\"potentialAction\":[{\"@type\":\"ReadAction\",\"target\":[\"https:\\\/\\\/nativetranslate.ca\\\/contact-us\\\/\"]}]},{\"@type\":\"BreadcrumbList\",\"@id\":\"https:\\\/\\\/nativetranslate.ca\\\/contact-us\\\/#breadcrumb\",\"itemListElement\":[{\"@type\":\"ListItem\",\"position\":1,\"name\":\"Home\",\"item\":\"https:\\\/\\\/nativetranslate.ca\\\/\"},{\"@type\":\"ListItem\",\"position\":2,\"name\":\"Contact Us\"}]},{\"@type\":\"WebSite\",\"@id\":\"https:\\\/\\\/nativetranslate.ca\\\/#website\",\"url\":\"https:\\\/\\\/nativetranslate.ca\\\/\",\"name\":\"Canadian Native Translate\",\"description\":\"English and French Translation, proofreading\",\"publisher\":{\"@id\":\"https:\\\/\\\/nativetranslate.ca\\\/#organization\"},\"potentialAction\":[{\"@type\":\"SearchAction\",\"target\":{\"@type\":\"EntryPoint\",\"urlTemplate\":\"https:\\\/\\\/nativetranslate.ca\\\/?s={search_term_string}\"},\"query-input\":{\"@type\":\"PropertyValueSpecification\",\"valueRequired\":true,\"valueName\":\"search_term_string\"}}],\"inLanguage\":\"fr-CA\"},{\"@type\":\"Organization\",\"@id\":\"https:\\\/\\\/nativetranslate.ca\\\/#organization\",\"name\":\"Canadian Native Translate\",\"url\":\"https:\\\/\\\/nativetranslate.ca\\\/\",\"logo\":{\"@type\":\"ImageObject\",\"inLanguage\":\"fr-CA\",\"@id\":\"https:\\\/\\\/nativetranslate.ca\\\/#\\\/schema\\\/logo\\\/image\\\/\",\"url\":\"https:\\\/\\\/nativetranslate.ca\\\/wp-content\\\/uploads\\\/2025\\\/06\\\/logo-website.png\",\"contentUrl\":\"https:\\\/\\\/nativetranslate.ca\\\/wp-content\\\/uploads\\\/2025\\\/06\\\/logo-website.png\",\"width\":356,\"height\":270,\"caption\":\"Canadian Native Translate\"},\"image\":{\"@id\":\"https:\\\/\\\/nativetranslate.ca\\\/#\\\/schema\\\/logo\\\/image\\\/\"},\"sameAs\":[\"https:\\\/\\\/www.facebook.com\\\/profile.php?id=61577348026969\"]}]}<\/script>\n<!-- \/ Yoast SEO plugin. -->","yoast_head_json":{"title":"Contact Us | Get a Free Quote Today &#8211; Canadian Native Translate","description":"Reach out to NativeTranslate for expert French-English translation, localization, and proofreading. We'll respond within 12 hours. Let's talk!","robots":{"index":"index","follow":"follow","max-snippet":"max-snippet:-1","max-image-preview":"max-image-preview:large","max-video-preview":"max-video-preview:-1"},"canonical":"https:\/\/nativetranslate.ca\/fr\/contact-us\/","og_locale":"fr_CA","og_type":"article","og_title":"Contact Us | Get a Free Quote Today &#8211; Canadian Native Translate","og_description":"Reach out to NativeTranslate for expert French-English translation, localization, and proofreading. We'll respond within 12 hours. Let's talk!","og_url":"https:\/\/nativetranslate.ca\/fr\/contact-us\/","og_site_name":"Canadian Native Translate","article_publisher":"https:\/\/www.facebook.com\/profile.php?id=61577348026969","article_modified_time":"2025-09-03T12:06:36+00:00","og_image":[{"width":1080,"height":715,"url":"https:\/\/nativetranslate.ca\/wp-content\/uploads\/2025\/06\/Canada-localization-services-1.jpg","type":"image\/jpeg"}],"twitter_card":"summary_large_image","twitter_misc":{"Estimation du temps de lecture":"1 minute"},"schema":{"@context":"https:\/\/schema.org","@graph":[{"@type":"WebPage","@id":"https:\/\/nativetranslate.ca\/contact-us\/","url":"https:\/\/nativetranslate.ca\/contact-us\/","name":"Contact Us | Get a Free Quote Today &#8211; Canadian Native Translate","isPartOf":{"@id":"https:\/\/nativetranslate.ca\/#website"},"datePublished":"2020-08-25T14:11:42+00:00","dateModified":"2025-09-03T12:06:36+00:00","description":"Reach out to NativeTranslate for expert French-English translation, localization, and proofreading. We'll respond within 12 hours. Let's talk!","breadcrumb":{"@id":"https:\/\/nativetranslate.ca\/contact-us\/#breadcrumb"},"inLanguage":"fr-CA","potentialAction":[{"@type":"ReadAction","target":["https:\/\/nativetranslate.ca\/contact-us\/"]}]},{"@type":"BreadcrumbList","@id":"https:\/\/nativetranslate.ca\/contact-us\/#breadcrumb","itemListElement":[{"@type":"ListItem","position":1,"name":"Home","item":"https:\/\/nativetranslate.ca\/"},{"@type":"ListItem","position":2,"name":"Contact Us"}]},{"@type":"WebSite","@id":"https:\/\/nativetranslate.ca\/#website","url":"https:\/\/nativetranslate.ca\/","name":"Canadian Native Translate","description":"English and French Translation, proofreading","publisher":{"@id":"https:\/\/nativetranslate.ca\/#organization"},"potentialAction":[{"@type":"SearchAction","target":{"@type":"EntryPoint","urlTemplate":"https:\/\/nativetranslate.ca\/?s={search_term_string}"},"query-input":{"@type":"PropertyValueSpecification","valueRequired":true,"valueName":"search_term_string"}}],"inLanguage":"fr-CA"},{"@type":"Organization","@id":"https:\/\/nativetranslate.ca\/#organization","name":"Canadian Native Translate","url":"https:\/\/nativetranslate.ca\/","logo":{"@type":"ImageObject","inLanguage":"fr-CA","@id":"https:\/\/nativetranslate.ca\/#\/schema\/logo\/image\/","url":"https:\/\/nativetranslate.ca\/wp-content\/uploads\/2025\/06\/logo-website.png","contentUrl":"https:\/\/nativetranslate.ca\/wp-content\/uploads\/2025\/06\/logo-website.png","width":356,"height":270,"caption":"Canadian Native Translate"},"image":{"@id":"https:\/\/nativetranslate.ca\/#\/schema\/logo\/image\/"},"sameAs":["https:\/\/www.facebook.com\/profile.php?id=61577348026969"]}]}},"_links":{"self":[{"href":"https:\/\/nativetranslate.ca\/fr\/wp-json\/wp\/v2\/pages\/25","targetHints":{"allow":["GET"]}}],"collection":[{"href":"https:\/\/nativetranslate.ca\/fr\/wp-json\/wp\/v2\/pages"}],"about":[{"href":"https:\/\/nativetranslate.ca\/fr\/wp-json\/wp\/v2\/types\/page"}],"author":[{"embeddable":true,"href":"https:\/\/nativetranslate.ca\/fr\/wp-json\/wp\/v2\/users\/1"}],"replies":[{"embeddable":true,"href":"https:\/\/nativetranslate.ca\/fr\/wp-json\/wp\/v2\/comments?post=25"}],"version-history":[{"count":15,"href":"https:\/\/nativetranslate.ca\/fr\/wp-json\/wp\/v2\/pages\/25\/revisions"}],"predecessor-version":[{"id":1672,"href":"https:\/\/nativetranslate.ca\/fr\/wp-json\/wp\/v2\/pages\/25\/revisions\/1672"}],"wp:attachment":[{"href":"https:\/\/nativetranslate.ca\/fr\/wp-json\/wp\/v2\/media?parent=25"}],"curies":[{"name":"wp","href":"https:\/\/api.w.org\/{rel}","templated":true}]}}